{"id":268,"date":"2025-04-14T11:40:15","date_gmt":"2025-04-14T17:40:15","guid":{"rendered":"https:\/\/fundaciontalitakumi.edu.gt\/?page_id=268"},"modified":"2025-07-16T09:49:33","modified_gmt":"2025-07-16T15:49:33","slug":"equipo","status":"publish","type":"page","link":"https:\/\/fundaciontalitakumi.edu.gt\/?page_id=268","title":{"rendered":"Equipo"},"content":{"rendered":"\t\t<div data-elementor-type=\"wp-page\" data-elementor-id=\"268\" class=\"elementor elementor-268\" data-elementor-post-type=\"page\">\n\t\t\t\t<div class=\"elementor-element elementor-element-b8d1590 e-flex e-con-boxed e-con e-parent\" data-id=\"b8d1590\" data-element_type=\"container\">\n\t\t\t\t\t<div class=\"e-con-inner\">\n\t\t\t\t<div class=\"elementor-element elementor-element-12a2e02 elementor-widget__width-inherit elementor-invisible elementor-widget elementor-widget-image\" data-id=\"12a2e02\" data-element_type=\"widget\" data-settings=\"{&quot;_animation&quot;:&quot;slideInDown&quot;}\" data-widget_type=\"image.default\">\n\t\t\t\t<div class=\"elementor-widget-container\">\n\t\t\t\t\t\t\t\t\t\t\t\t\t\t\t<img fetchpriority=\"high\" decoding=\"async\" width=\"800\" height=\"438\" src=\"https:\/\/fundaciontalitakumi.edu.gt\/wp-content\/uploads\/2025\/07\/Adobe-Express-file-8-1024x561.jpg\" class=\"attachment-large size-large wp-image-642\" alt=\"\" srcset=\"https:\/\/fundaciontalitakumi.edu.gt\/wp-content\/uploads\/2025\/07\/Adobe-Express-file-8-1024x561.jpg 1024w, https:\/\/fundaciontalitakumi.edu.gt\/wp-content\/uploads\/2025\/07\/Adobe-Express-file-8-300x164.jpg 300w, https:\/\/fundaciontalitakumi.edu.gt\/wp-content\/uploads\/2025\/07\/Adobe-Express-file-8-768x421.jpg 768w, https:\/\/fundaciontalitakumi.edu.gt\/wp-content\/uploads\/2025\/07\/Adobe-Express-file-8-1536x841.jpg 1536w, https:\/\/fundaciontalitakumi.edu.gt\/wp-content\/uploads\/2025\/07\/Adobe-Express-file-8.jpg 1800w\" sizes=\"(max-width: 800px) 100vw, 800px\" \/>\t\t\t\t\t\t\t\t\t\t\t\t\t\t\t<\/div>\n\t\t\t\t<\/div>\n\t\t\t\t\t<\/div>\n\t\t\t\t<\/div>\n\t\t<div class=\"elementor-element elementor-element-e0e0f33 e-flex e-con-boxed e-con e-parent\" data-id=\"e0e0f33\" data-element_type=\"container\">\n\t\t\t\t\t<div class=\"e-con-inner\">\n\t\t\t\t<div class=\"elementor-element elementor-element-5a8021c elementor-widget elementor-widget-text-editor\" data-id=\"5a8021c\" data-element_type=\"widget\" data-widget_type=\"text-editor.default\">\n\t\t\t\t<div class=\"elementor-widget-container\">\n\t\t\t\t\t\t\t\t\t<p>Cada persona realiza una labor muy especifica que es muy importante para cumplir con las metas y objetivos de trabajo y con el compromiso que tenemos a nuestra comunidad para formar integralmente a todas aquellas familias a trav\u00e9s de nuestros programas de educaci\u00f3n, salud y desarrollo econ\u00f3mico.<\/p>\t\t\t\t\t\t\t\t<\/div>\n\t\t\t\t<\/div>\n\t\t\t\t<div class=\"elementor-element elementor-element-2c635f2 elementor-widget elementor-widget-heading\" data-id=\"2c635f2\" data-element_type=\"widget\" data-widget_type=\"heading.default\">\n\t\t\t\t<div class=\"elementor-widget-container\">\n\t\t\t\t\t<h2 class=\"elementor-heading-title elementor-size-default\">Nuestro equipo de trabajo est\u00e1 conformado por 175 colaboradores<\/h2>\t\t\t\t<\/div>\n\t\t\t\t<\/div>\n\t\t\t\t<div class=\"elementor-element elementor-element-c638189 elementor-widget elementor-widget-text-editor\" data-id=\"c638189\" data-element_type=\"widget\" data-widget_type=\"text-editor.default\">\n\t\t\t\t<div class=\"elementor-widget-container\">\n\t\t\t\t\t\t\t\t\t<p>En el nivel b\u00e1sico y diversificado contamos con docentes con las especialidades de Profesorados de Ense\u00f1anza Media con Especialidad en Matem\u00e1tica y F\u00edsica; en Pedagog\u00eda y Educaci\u00f3n Intercultural, Pedagog\u00eda y Ciencias de la Educaci\u00f3n, Administraci\u00f3n Educativa entre otros.<\/p><p>En el nivel universitario contamos con docentes graduados de diversas profesiones de Licenciaturas, Ingenieras, Maestr\u00edas, y con experiencia en el campo laboral y docencia universitaria.<\/p>\t\t\t\t\t\t\t\t<\/div>\n\t\t\t\t<\/div>\n\t\t\t\t\t<\/div>\n\t\t\t\t<\/div>\n\t\t<div class=\"elementor-element elementor-element-7be1c81 e-grid e-con-boxed e-con e-parent\" data-id=\"7be1c81\" data-element_type=\"container\">\n\t\t\t\t\t<div class=\"e-con-inner\">\n\t\t\t\t<div class=\"elementor-element elementor-element-785c378 elementor-widget elementor-widget-image\" data-id=\"785c378\" data-element_type=\"widget\" data-widget_type=\"image.default\">\n\t\t\t\t<div class=\"elementor-widget-container\">\n\t\t\t\t\t\t\t\t\t\t\t\t\t\t\t<img decoding=\"async\" width=\"800\" height=\"534\" src=\"https:\/\/fundaciontalitakumi.edu.gt\/wp-content\/uploads\/2025\/07\/Adobe-Express-file-6-1024x683.png\" class=\"attachment-large size-large wp-image-638\" alt=\"\" srcset=\"https:\/\/fundaciontalitakumi.edu.gt\/wp-content\/uploads\/2025\/07\/Adobe-Express-file-6-1024x683.png 1024w, https:\/\/fundaciontalitakumi.edu.gt\/wp-content\/uploads\/2025\/07\/Adobe-Express-file-6-300x200.png 300w, https:\/\/fundaciontalitakumi.edu.gt\/wp-content\/uploads\/2025\/07\/Adobe-Express-file-6-768x512.png 768w, https:\/\/fundaciontalitakumi.edu.gt\/wp-content\/uploads\/2025\/07\/Adobe-Express-file-6.png 1400w\" sizes=\"(max-width: 800px) 100vw, 800px\" \/>\t\t\t\t\t\t\t\t\t\t\t\t\t\t\t<\/div>\n\t\t\t\t<\/div>\n\t\t\t\t<div class=\"elementor-element elementor-element-d3ee75a elementor-widget elementor-widget-image\" data-id=\"d3ee75a\" data-element_type=\"widget\" data-widget_type=\"image.default\">\n\t\t\t\t<div class=\"elementor-widget-container\">\n\t\t\t\t\t\t\t\t\t\t\t\t\t\t\t<img decoding=\"async\" width=\"800\" height=\"534\" src=\"https:\/\/fundaciontalitakumi.edu.gt\/wp-content\/uploads\/2025\/07\/Adobe-Express-file-5-1024x684.png\" class=\"attachment-large size-large wp-image-639\" alt=\"\" srcset=\"https:\/\/fundaciontalitakumi.edu.gt\/wp-content\/uploads\/2025\/07\/Adobe-Express-file-5-1024x684.png 1024w, https:\/\/fundaciontalitakumi.edu.gt\/wp-content\/uploads\/2025\/07\/Adobe-Express-file-5-300x200.png 300w, https:\/\/fundaciontalitakumi.edu.gt\/wp-content\/uploads\/2025\/07\/Adobe-Express-file-5-768x513.png 768w, https:\/\/fundaciontalitakumi.edu.gt\/wp-content\/uploads\/2025\/07\/Adobe-Express-file-5.png 1200w\" sizes=\"(max-width: 800px) 100vw, 800px\" \/>\t\t\t\t\t\t\t\t\t\t\t\t\t\t\t<\/div>\n\t\t\t\t<\/div>\n\t\t\t\t\t<\/div>\n\t\t\t\t<\/div>\n\t\t<div class=\"elementor-element elementor-element-2db0ad8 e-flex e-con-boxed e-con e-parent\" data-id=\"2db0ad8\" data-element_type=\"container\">\n\t\t\t\t\t<div class=\"e-con-inner\">\n\t\t\t\t<div class=\"elementor-element elementor-element-b426ef2 elementor-widget elementor-widget-text-editor\" data-id=\"b426ef2\" data-element_type=\"widget\" data-widget_type=\"text-editor.default\">\n\t\t\t\t<div class=\"elementor-widget-container\">\n\t\t\t\t\t\t\t\t\t<p>Nuestro personal administrativo conformado por personal especializados en el \u00e1rea de Administraci\u00f3n, Finanzas, Mercadeo, Recursos Humanos, Control Acad\u00e9mico y Mantenimiento.<\/p>\t\t\t\t\t\t\t\t<\/div>\n\t\t\t\t<\/div>\n\t\t\t\t<div class=\"elementor-element elementor-element-876aee3 elementor-widget elementor-widget-image\" data-id=\"876aee3\" data-element_type=\"widget\" data-widget_type=\"image.default\">\n\t\t\t\t<div class=\"elementor-widget-container\">\n\t\t\t\t\t\t\t\t\t\t\t\t\t\t\t<img loading=\"lazy\" decoding=\"async\" width=\"800\" height=\"534\" src=\"https:\/\/fundaciontalitakumi.edu.gt\/wp-content\/uploads\/2025\/07\/Adobe-Express-file-7-1024x683.png\" class=\"attachment-large size-large wp-image-641\" alt=\"\" srcset=\"https:\/\/fundaciontalitakumi.edu.gt\/wp-content\/uploads\/2025\/07\/Adobe-Express-file-7-1024x683.png 1024w, https:\/\/fundaciontalitakumi.edu.gt\/wp-content\/uploads\/2025\/07\/Adobe-Express-file-7-300x200.png 300w, https:\/\/fundaciontalitakumi.edu.gt\/wp-content\/uploads\/2025\/07\/Adobe-Express-file-7-768x512.png 768w, https:\/\/fundaciontalitakumi.edu.gt\/wp-content\/uploads\/2025\/07\/Adobe-Express-file-7.png 1250w\" sizes=\"(max-width: 800px) 100vw, 800px\" \/>\t\t\t\t\t\t\t\t\t\t\t\t\t\t\t<\/div>\n\t\t\t\t<\/div>\n\t\t\t\t<div class=\"elementor-element elementor-element-9bf893a elementor-widget elementor-widget-heading\" data-id=\"9bf893a\" data-element_type=\"widget\" data-widget_type=\"heading.default\">\n\t\t\t\t<div class=\"elementor-widget-container\">\n\t\t\t\t\t<h2 class=\"elementor-heading-title elementor-size-default\">Compromiso<\/h2>\t\t\t\t<\/div>\n\t\t\t\t<\/div>\n\t\t\t\t\t<\/div>\n\t\t\t\t<\/div>\n\t\t<div class=\"elementor-element elementor-element-e154010 e-flex e-con-boxed e-con e-parent\" data-id=\"e154010\" data-element_type=\"container\">\n\t\t\t\t\t<div class=\"e-con-inner\">\n\t\t\t\t<div class=\"elementor-element elementor-element-b236d35 elementor-widget elementor-widget-text-editor\" data-id=\"b236d35\" data-element_type=\"widget\" data-widget_type=\"text-editor.default\">\n\t\t\t\t<div class=\"elementor-widget-container\">\n\t\t\t\t\t\t\t\t\t<p style=\"text-align: center;\">Todos los colaboradores que integran esta gran familia, se desempe\u00f1an con uni\u00f3n, entusiasmo y con un gran trabajo en equipo. Nuestro compromiso es ofrecer un entorno seguro, y que nuestros colaboradores logren adaptarse y desarrollarse de manera personal y profesionalmente en nuestra instituci\u00f3n.\u00a0\u00a0 El lograr que nuestro personal se sienta comprometido y motivado en las actividades que desempe\u00f1an se convierte un reto para crear estrategias motivacionales para que nuestros colaboradores se unan y logren la permanencia y pertenencia para trabajar en equipo, contribuyendo a trav\u00e9s de sus capacidades y habilidades a esta gran obra de servicio.<\/p>\t\t\t\t\t\t\t\t<\/div>\n\t\t\t\t<\/div>\n\t\t\t\t\t<\/div>\n\t\t\t\t<\/div>\n\t\t\t\t<\/div>\n\t\t","protected":false},"excerpt":{"rendered":"<p>Cada persona realiza una labor muy especifica que es muy importante para cumplir con las metas y objetivos de trabajo y con el compromiso que tenemos a nuestra comunidad para formar integralmente a todas aquellas familias a trav\u00e9s de nuestros programas de educaci\u00f3n, salud y desarrollo econ\u00f3mico. Nuestro equipo de trabajo est\u00e1 conformado por 175 [&hellip;]<\/p>\n","protected":false},"author":1,"featured_media":0,"parent":0,"menu_order":0,"comment_status":"closed","ping_status":"closed","template":"","meta":{"footnotes":""},"class_list":["post-268","page","type-page","status-publish","hentry"],"yoast_head":"<!-- This site is optimized with the Yoast SEO plugin v26.0 - https:\/\/yoast.com\/wordpress\/plugins\/seo\/ -->\n<title>Equipo - Fundaci\u00f3n Talita Kumi<\/title>\n<meta name=\"robots\" content=\"index, follow, max-snippet:-1, max-image-preview:large, max-video-preview:-1\" \/>\n<link rel=\"canonical\" href=\"https:\/\/fundaciontalitakumi.edu.gt\/?page_id=268\" \/>\n<meta property=\"og:locale\" content=\"es_ES\" \/>\n<meta property=\"og:type\" content=\"article\" \/>\n<meta property=\"og:title\" content=\"Equipo - Fundaci\u00f3n Talita Kumi\" \/>\n<meta property=\"og:description\" content=\"Cada persona realiza una labor muy especifica que es muy importante para cumplir con las metas y objetivos de trabajo y con el compromiso que tenemos a nuestra comunidad para formar integralmente a todas aquellas familias a trav\u00e9s de nuestros programas de educaci\u00f3n, salud y desarrollo econ\u00f3mico. Nuestro equipo de trabajo est\u00e1 conformado por 175 [&hellip;]\" \/>\n<meta property=\"og:url\" content=\"https:\/\/fundaciontalitakumi.edu.gt\/?page_id=268\" \/>\n<meta property=\"og:site_name\" content=\"Fundaci\u00f3n Talita Kumi\" \/>\n<meta property=\"article:modified_time\" content=\"2025-07-16T15:49:33+00:00\" \/>\n<meta property=\"og:image\" content=\"https:\/\/fundaciontalitakumi.edu.gt\/wp-content\/uploads\/2025\/07\/Adobe-Express-file-8-1024x561.jpg\" \/>\n<meta name=\"twitter:card\" content=\"summary_large_image\" \/>\n<meta name=\"twitter:label1\" content=\"Est. reading time\" \/>\n\t<meta name=\"twitter:data1\" content=\"2 minutos\" \/>\n<script type=\"application\/ld+json\" class=\"yoast-schema-graph\">{\"@context\":\"https:\/\/schema.org\",\"@graph\":[{\"@type\":\"WebPage\",\"@id\":\"https:\/\/fundaciontalitakumi.edu.gt\/?page_id=268\",\"url\":\"https:\/\/fundaciontalitakumi.edu.gt\/?page_id=268\",\"name\":\"Equipo - Fundaci\u00f3n Talita Kumi\",\"isPartOf\":{\"@id\":\"https:\/\/fundaciontalitakumi.edu.gt\/#website\"},\"primaryImageOfPage\":{\"@id\":\"https:\/\/fundaciontalitakumi.edu.gt\/?page_id=268#primaryimage\"},\"image\":{\"@id\":\"https:\/\/fundaciontalitakumi.edu.gt\/?page_id=268#primaryimage\"},\"thumbnailUrl\":\"https:\/\/fundaciontalitakumi.edu.gt\/wp-content\/uploads\/2025\/07\/Adobe-Express-file-8-1024x561.jpg\",\"datePublished\":\"2025-04-14T17:40:15+00:00\",\"dateModified\":\"2025-07-16T15:49:33+00:00\",\"breadcrumb\":{\"@id\":\"https:\/\/fundaciontalitakumi.edu.gt\/?page_id=268#breadcrumb\"},\"inLanguage\":\"es\",\"potentialAction\":[{\"@type\":\"ReadAction\",\"target\":[\"https:\/\/fundaciontalitakumi.edu.gt\/?page_id=268\"]}]},{\"@type\":\"ImageObject\",\"inLanguage\":\"es\",\"@id\":\"https:\/\/fundaciontalitakumi.edu.gt\/?page_id=268#primaryimage\",\"url\":\"https:\/\/fundaciontalitakumi.edu.gt\/wp-content\/uploads\/2025\/07\/Adobe-Express-file-8.jpg\",\"contentUrl\":\"https:\/\/fundaciontalitakumi.edu.gt\/wp-content\/uploads\/2025\/07\/Adobe-Express-file-8.jpg\",\"width\":1800,\"height\":986},{\"@type\":\"BreadcrumbList\",\"@id\":\"https:\/\/fundaciontalitakumi.edu.gt\/?page_id=268#breadcrumb\",\"itemListElement\":[{\"@type\":\"ListItem\",\"position\":1,\"name\":\"Home\",\"item\":\"https:\/\/fundaciontalitakumi.edu.gt\/\"},{\"@type\":\"ListItem\",\"position\":2,\"name\":\"Equipo\"}]},{\"@type\":\"WebSite\",\"@id\":\"https:\/\/fundaciontalitakumi.edu.gt\/#website\",\"url\":\"https:\/\/fundaciontalitakumi.edu.gt\/\",\"name\":\"Fundaci\u00f3n Talita Kumi\",\"description\":\"Fundaci\u00f3n Talita Kumi\",\"publisher\":{\"@id\":\"https:\/\/fundaciontalitakumi.edu.gt\/#organization\"},\"potentialAction\":[{\"@type\":\"SearchAction\",\"target\":{\"@type\":\"EntryPoint\",\"urlTemplate\":\"https:\/\/fundaciontalitakumi.edu.gt\/?s={search_term_string}\"},\"query-input\":{\"@type\":\"PropertyValueSpecification\",\"valueRequired\":true,\"valueName\":\"search_term_string\"}}],\"inLanguage\":\"es\"},{\"@type\":\"Organization\",\"@id\":\"https:\/\/fundaciontalitakumi.edu.gt\/#organization\",\"name\":\"Fundaci\u00f3n Talita Kumi\",\"url\":\"https:\/\/fundaciontalitakumi.edu.gt\/\",\"logo\":{\"@type\":\"ImageObject\",\"inLanguage\":\"es\",\"@id\":\"https:\/\/fundaciontalitakumi.edu.gt\/#\/schema\/logo\/image\/\",\"url\":\"https:\/\/fundaciontalitakumi.edu.gt\/wp-content\/uploads\/2025\/04\/cropped-Imagen1.png\",\"contentUrl\":\"https:\/\/fundaciontalitakumi.edu.gt\/wp-content\/uploads\/2025\/04\/cropped-Imagen1.png\",\"width\":198,\"height\":205,\"caption\":\"Fundaci\u00f3n Talita Kumi\"},\"image\":{\"@id\":\"https:\/\/fundaciontalitakumi.edu.gt\/#\/schema\/logo\/image\/\"}}]}<\/script>\n<!-- \/ Yoast SEO plugin. -->","yoast_head_json":{"title":"Equipo - Fundaci\u00f3n Talita Kumi","robots":{"index":"index","follow":"follow","max-snippet":"max-snippet:-1","max-image-preview":"max-image-preview:large","max-video-preview":"max-video-preview:-1"},"canonical":"https:\/\/fundaciontalitakumi.edu.gt\/?page_id=268","og_locale":"es_ES","og_type":"article","og_title":"Equipo - Fundaci\u00f3n Talita Kumi","og_description":"Cada persona realiza una labor muy especifica que es muy importante para cumplir con las metas y objetivos de trabajo y con el compromiso que tenemos a nuestra comunidad para formar integralmente a todas aquellas familias a trav\u00e9s de nuestros programas de educaci\u00f3n, salud y desarrollo econ\u00f3mico. Nuestro equipo de trabajo est\u00e1 conformado por 175 [&hellip;]","og_url":"https:\/\/fundaciontalitakumi.edu.gt\/?page_id=268","og_site_name":"Fundaci\u00f3n Talita Kumi","article_modified_time":"2025-07-16T15:49:33+00:00","og_image":[{"url":"https:\/\/fundaciontalitakumi.edu.gt\/wp-content\/uploads\/2025\/07\/Adobe-Express-file-8-1024x561.jpg","type":"","width":"","height":""}],"twitter_card":"summary_large_image","twitter_misc":{"Est. reading time":"2 minutos"},"schema":{"@context":"https:\/\/schema.org","@graph":[{"@type":"WebPage","@id":"https:\/\/fundaciontalitakumi.edu.gt\/?page_id=268","url":"https:\/\/fundaciontalitakumi.edu.gt\/?page_id=268","name":"Equipo - Fundaci\u00f3n Talita Kumi","isPartOf":{"@id":"https:\/\/fundaciontalitakumi.edu.gt\/#website"},"primaryImageOfPage":{"@id":"https:\/\/fundaciontalitakumi.edu.gt\/?page_id=268#primaryimage"},"image":{"@id":"https:\/\/fundaciontalitakumi.edu.gt\/?page_id=268#primaryimage"},"thumbnailUrl":"https:\/\/fundaciontalitakumi.edu.gt\/wp-content\/uploads\/2025\/07\/Adobe-Express-file-8-1024x561.jpg","datePublished":"2025-04-14T17:40:15+00:00","dateModified":"2025-07-16T15:49:33+00:00","breadcrumb":{"@id":"https:\/\/fundaciontalitakumi.edu.gt\/?page_id=268#breadcrumb"},"inLanguage":"es","potentialAction":[{"@type":"ReadAction","target":["https:\/\/fundaciontalitakumi.edu.gt\/?page_id=268"]}]},{"@type":"ImageObject","inLanguage":"es","@id":"https:\/\/fundaciontalitakumi.edu.gt\/?page_id=268#primaryimage","url":"https:\/\/fundaciontalitakumi.edu.gt\/wp-content\/uploads\/2025\/07\/Adobe-Express-file-8.jpg","contentUrl":"https:\/\/fundaciontalitakumi.edu.gt\/wp-content\/uploads\/2025\/07\/Adobe-Express-file-8.jpg","width":1800,"height":986},{"@type":"BreadcrumbList","@id":"https:\/\/fundaciontalitakumi.edu.gt\/?page_id=268#breadcrumb","itemListElement":[{"@type":"ListItem","position":1,"name":"Home","item":"https:\/\/fundaciontalitakumi.edu.gt\/"},{"@type":"ListItem","position":2,"name":"Equipo"}]},{"@type":"WebSite","@id":"https:\/\/fundaciontalitakumi.edu.gt\/#website","url":"https:\/\/fundaciontalitakumi.edu.gt\/","name":"Fundaci\u00f3n Talita Kumi","description":"Fundaci\u00f3n Talita Kumi","publisher":{"@id":"https:\/\/fundaciontalitakumi.edu.gt\/#organization"},"potentialAction":[{"@type":"SearchAction","target":{"@type":"EntryPoint","urlTemplate":"https:\/\/fundaciontalitakumi.edu.gt\/?s={search_term_string}"},"query-input":{"@type":"PropertyValueSpecification","valueRequired":true,"valueName":"search_term_string"}}],"inLanguage":"es"},{"@type":"Organization","@id":"https:\/\/fundaciontalitakumi.edu.gt\/#organization","name":"Fundaci\u00f3n Talita Kumi","url":"https:\/\/fundaciontalitakumi.edu.gt\/","logo":{"@type":"ImageObject","inLanguage":"es","@id":"https:\/\/fundaciontalitakumi.edu.gt\/#\/schema\/logo\/image\/","url":"https:\/\/fundaciontalitakumi.edu.gt\/wp-content\/uploads\/2025\/04\/cropped-Imagen1.png","contentUrl":"https:\/\/fundaciontalitakumi.edu.gt\/wp-content\/uploads\/2025\/04\/cropped-Imagen1.png","width":198,"height":205,"caption":"Fundaci\u00f3n Talita Kumi"},"image":{"@id":"https:\/\/fundaciontalitakumi.edu.gt\/#\/schema\/logo\/image\/"}}]}},"_links":{"self":[{"href":"https:\/\/fundaciontalitakumi.edu.gt\/index.php?rest_route=\/wp\/v2\/pages\/268","targetHints":{"allow":["GET"]}}],"collection":[{"href":"https:\/\/fundaciontalitakumi.edu.gt\/index.php?rest_route=\/wp\/v2\/pages"}],"about":[{"href":"https:\/\/fundaciontalitakumi.edu.gt\/index.php?rest_route=\/wp\/v2\/types\/page"}],"author":[{"embeddable":true,"href":"https:\/\/fundaciontalitakumi.edu.gt\/index.php?rest_route=\/wp\/v2\/users\/1"}],"replies":[{"embeddable":true,"href":"https:\/\/fundaciontalitakumi.edu.gt\/index.php?rest_route=%2Fwp%2Fv2%2Fcomments&post=268"}],"version-history":[{"count":7,"href":"https:\/\/fundaciontalitakumi.edu.gt\/index.php?rest_route=\/wp\/v2\/pages\/268\/revisions"}],"predecessor-version":[{"id":702,"href":"https:\/\/fundaciontalitakumi.edu.gt\/index.php?rest_route=\/wp\/v2\/pages\/268\/revisions\/702"}],"wp:attachment":[{"href":"https:\/\/fundaciontalitakumi.edu.gt\/index.php?rest_route=%2Fwp%2Fv2%2Fmedia&parent=268"}],"curies":[{"name":"wp","href":"https:\/\/api.w.org\/{rel}","templated":true}]}}